{"id":2508,"date":"2024-08-21T16:56:28","date_gmt":"2024-08-21T14:56:28","guid":{"rendered":"https:\/\/coachamegoldas.hu\/training-brief\/"},"modified":"2024-08-21T17:06:45","modified_gmt":"2024-08-21T15:06:45","slug":"training-brief","status":"publish","type":"page","link":"https:\/\/coachamegoldas.hu\/en\/training-brief\/","title":{"rendered":"Training brief"},"content":{"rendered":"\t\t<div data-elementor-type=\"wp-page\" data-elementor-id=\"2508\" class=\"elementor elementor-2508 elementor-2498\" data-elementor-post-type=\"page\">\n\t\t\t\t<div class=\"elementor-element elementor-element-f3f7e93 e-flex e-con-boxed e-con e-parent\" data-id=\"f3f7e93\" data-element_type=\"container\" data-settings=\"{&quot;background_background&quot;:&quot;classic&quot;}\">\n\t\t\t\t\t<div class=\"e-con-inner\">\n\t\t\t\t<div class=\"elementor-element elementor-element-3a34fb0 elementor-widget elementor-widget-heading\" data-id=\"3a34fb0\" data-element_type=\"widget\" data-widget_type=\"heading.default\">\n\t\t\t\t<div class=\"elementor-widget-container\">\n\t\t\t<h1 class=\"elementor-heading-title elementor-size-default\">Training brief<\/h1>\t\t<\/div>\n\t\t\t\t<\/div>\n\t\t\t\t\t<\/div>\n\t\t\t\t<\/div>\n\t\t<div class=\"elementor-element elementor-element-17acb7c e-flex e-con-boxed e-con e-parent\" data-id=\"17acb7c\" data-element_type=\"container\">\n\t\t\t\t\t<div class=\"e-con-inner\">\n\t\t\t\t<div class=\"elementor-element elementor-element-461cb89 fluentform-widget-submit-button-full-width elementor-widget-tablet__width-inherit fluent-form-widget-step-header-yes fluent-form-widget-step-progressbar-yes elementor-widget elementor-widget-fluent-form-widget\" data-id=\"461cb89\" data-element_type=\"widget\" data-widget_type=\"fluent-form-widget.default\">\n\t\t\t\t<div class=\"elementor-widget-container\">\n\t\t\t\n            <div class=\"fluentform-widget-wrapper fluentform-widget-align-default\">\n\n            \n                        <\/div>\n\n            \t\t<\/div>\n\t\t\t\t<\/div>\n\t\t\t\t\t<\/div>\n\t\t\t\t<\/div>\n\t\t\t\t<\/div>\n\t\t","protected":false},"excerpt":{"rendered":"<p>Training brief Training brief &#916; If you have booked an appointment for a face-to-face training: training location (address)A brief description of the job role and position of the traineesAny other information that was not included in the above questions, but which may be important for me to include in my training proposal:Send Brief<\/p>\n","protected":false},"author":2,"featured_media":0,"parent":0,"menu_order":0,"comment_status":"closed","ping_status":"closed","template":"","meta":{"footnotes":""},"class_list":["post-2508","page","type-page","status-publish","hentry"],"yoast_head":"<!-- This site is optimized with the Yoast SEO plugin v23.5 - https:\/\/yoast.com\/wordpress\/plugins\/seo\/ -->\n<title>Training brief - Coach a megold\u00e1s<\/title>\n<meta name=\"description\" content=\"Training brief: Ha szeretn\u00e9l fentebb l\u00e9pni a szakm\u00e1dban, n\u00f6velni a c\u00e9ged teljes\u00edtm\u00e9ny\u00e9t, akkor \u00fczleti coaching programjaim mindenre megold\u00e1st ny\u00fajtanak.\" \/>\n<meta name=\"robots\" content=\"index, follow, max-snippet:-1, max-image-preview:large, max-video-preview:-1\" \/>\n<link rel=\"canonical\" href=\"https:\/\/coachamegoldas.hu\/en\/training-brief\/\" \/>\n<meta property=\"og:locale\" content=\"en_US\" \/>\n<meta property=\"og:type\" content=\"article\" \/>\n<meta property=\"og:title\" content=\"Training brief - Coach a megold\u00e1s\" \/>\n<meta property=\"og:description\" content=\"Training brief: Ha szeretn\u00e9l fentebb l\u00e9pni a szakm\u00e1dban, n\u00f6velni a c\u00e9ged teljes\u00edtm\u00e9ny\u00e9t, akkor \u00fczleti coaching programjaim mindenre megold\u00e1st ny\u00fajtanak.\" \/>\n<meta property=\"og:url\" content=\"https:\/\/coachamegoldas.hu\/en\/training-brief\/\" \/>\n<meta property=\"og:site_name\" content=\"Coach a megold\u00e1s\" \/>\n<meta property=\"article:modified_time\" content=\"2024-08-21T15:06:45+00:00\" \/>\n<meta property=\"og:image\" content=\"https:\/\/coachamegoldas.hu\/wp-content\/uploads\/2024\/08\/coachamegoldas-kiemelt-kep-1.png\" \/>\n\t<meta property=\"og:image:width\" content=\"1200\" \/>\n\t<meta property=\"og:image:height\" content=\"600\" \/>\n\t<meta property=\"og:image:type\" content=\"image\/png\" \/>\n<meta name=\"twitter:card\" content=\"summary_large_image\" \/>\n<meta name=\"twitter:label1\" content=\"Est. reading time\" \/>\n\t<meta name=\"twitter:data1\" content=\"1 minute\" \/>\n<script type=\"application\/ld+json\" class=\"yoast-schema-graph\">{\"@context\":\"https:\/\/schema.org\",\"@graph\":[{\"@type\":\"WebPage\",\"@id\":\"https:\/\/coachamegoldas.hu\/en\/training-brief\/\",\"url\":\"https:\/\/coachamegoldas.hu\/en\/training-brief\/\",\"name\":\"Training brief - Coach a megold\u00e1s\",\"isPartOf\":{\"@id\":\"https:\/\/coachamegoldas.hu\/en\/#website\"},\"datePublished\":\"2024-08-21T14:56:28+00:00\",\"dateModified\":\"2024-08-21T15:06:45+00:00\",\"description\":\"Training brief: Ha szeretn\u00e9l fentebb l\u00e9pni a szakm\u00e1dban, n\u00f6velni a c\u00e9ged teljes\u00edtm\u00e9ny\u00e9t, akkor \u00fczleti coaching programjaim mindenre megold\u00e1st ny\u00fajtanak.\",\"breadcrumb\":{\"@id\":\"https:\/\/coachamegoldas.hu\/en\/training-brief\/#breadcrumb\"},\"inLanguage\":\"en-US\",\"potentialAction\":[{\"@type\":\"ReadAction\",\"target\":[\"https:\/\/coachamegoldas.hu\/en\/training-brief\/\"]}]},{\"@type\":\"BreadcrumbList\",\"@id\":\"https:\/\/coachamegoldas.hu\/en\/training-brief\/#breadcrumb\",\"itemListElement\":[{\"@type\":\"ListItem\",\"position\":1,\"name\":\"Home\",\"item\":\"https:\/\/coachamegoldas.hu\/en\/\"},{\"@type\":\"ListItem\",\"position\":2,\"name\":\"Training brief\"}]},{\"@type\":\"WebSite\",\"@id\":\"https:\/\/coachamegoldas.hu\/en\/#website\",\"url\":\"https:\/\/coachamegoldas.hu\/en\/\",\"name\":\"Coach a megold\u00e1s\",\"description\":\"\",\"publisher\":{\"@id\":\"https:\/\/coachamegoldas.hu\/en\/#organization\"},\"potentialAction\":[{\"@type\":\"SearchAction\",\"target\":{\"@type\":\"EntryPoint\",\"urlTemplate\":\"https:\/\/coachamegoldas.hu\/en\/?s={search_term_string}\"},\"query-input\":{\"@type\":\"PropertyValueSpecification\",\"valueRequired\":true,\"valueName\":\"search_term_string\"}}],\"inLanguage\":\"en-US\"},{\"@type\":\"Organization\",\"@id\":\"https:\/\/coachamegoldas.hu\/en\/#organization\",\"name\":\"Coach a megold\u00e1s\",\"url\":\"https:\/\/coachamegoldas.hu\/en\/\",\"logo\":{\"@type\":\"ImageObject\",\"inLanguage\":\"en-US\",\"@id\":\"https:\/\/coachamegoldas.hu\/en\/#\/schema\/logo\/image\/\",\"url\":\"https:\/\/coachamegoldas.hu\/wp-content\/uploads\/2024\/06\/coachamegoldas-logo-web.svg\",\"contentUrl\":\"https:\/\/coachamegoldas.hu\/wp-content\/uploads\/2024\/06\/coachamegoldas-logo-web.svg\",\"caption\":\"Coach a megold\u00e1s\"},\"image\":{\"@id\":\"https:\/\/coachamegoldas.hu\/en\/#\/schema\/logo\/image\/\"}}]}<\/script>\n<!-- \/ Yoast SEO plugin. -->","yoast_head_json":{"title":"Training brief - Coach a megold\u00e1s","description":"Training brief: Ha szeretn\u00e9l fentebb l\u00e9pni a szakm\u00e1dban, n\u00f6velni a c\u00e9ged teljes\u00edtm\u00e9ny\u00e9t, akkor \u00fczleti coaching programjaim mindenre megold\u00e1st ny\u00fajtanak.","robots":{"index":"index","follow":"follow","max-snippet":"max-snippet:-1","max-image-preview":"max-image-preview:large","max-video-preview":"max-video-preview:-1"},"canonical":"https:\/\/coachamegoldas.hu\/en\/training-brief\/","og_locale":"en_US","og_type":"article","og_title":"Training brief - Coach a megold\u00e1s","og_description":"Training brief: Ha szeretn\u00e9l fentebb l\u00e9pni a szakm\u00e1dban, n\u00f6velni a c\u00e9ged teljes\u00edtm\u00e9ny\u00e9t, akkor \u00fczleti coaching programjaim mindenre megold\u00e1st ny\u00fajtanak.","og_url":"https:\/\/coachamegoldas.hu\/en\/training-brief\/","og_site_name":"Coach a megold\u00e1s","article_modified_time":"2024-08-21T15:06:45+00:00","og_image":[{"width":1200,"height":600,"url":"https:\/\/coachamegoldas.hu\/wp-content\/uploads\/2024\/08\/coachamegoldas-kiemelt-kep-1.png","type":"image\/png"}],"twitter_card":"summary_large_image","twitter_misc":{"Est. reading time":"1 minute"},"schema":{"@context":"https:\/\/schema.org","@graph":[{"@type":"WebPage","@id":"https:\/\/coachamegoldas.hu\/en\/training-brief\/","url":"https:\/\/coachamegoldas.hu\/en\/training-brief\/","name":"Training brief - Coach a megold\u00e1s","isPartOf":{"@id":"https:\/\/coachamegoldas.hu\/en\/#website"},"datePublished":"2024-08-21T14:56:28+00:00","dateModified":"2024-08-21T15:06:45+00:00","description":"Training brief: Ha szeretn\u00e9l fentebb l\u00e9pni a szakm\u00e1dban, n\u00f6velni a c\u00e9ged teljes\u00edtm\u00e9ny\u00e9t, akkor \u00fczleti coaching programjaim mindenre megold\u00e1st ny\u00fajtanak.","breadcrumb":{"@id":"https:\/\/coachamegoldas.hu\/en\/training-brief\/#breadcrumb"},"inLanguage":"en-US","potentialAction":[{"@type":"ReadAction","target":["https:\/\/coachamegoldas.hu\/en\/training-brief\/"]}]},{"@type":"BreadcrumbList","@id":"https:\/\/coachamegoldas.hu\/en\/training-brief\/#breadcrumb","itemListElement":[{"@type":"ListItem","position":1,"name":"Home","item":"https:\/\/coachamegoldas.hu\/en\/"},{"@type":"ListItem","position":2,"name":"Training brief"}]},{"@type":"WebSite","@id":"https:\/\/coachamegoldas.hu\/en\/#website","url":"https:\/\/coachamegoldas.hu\/en\/","name":"Coach a megold\u00e1s","description":"","publisher":{"@id":"https:\/\/coachamegoldas.hu\/en\/#organization"},"potentialAction":[{"@type":"SearchAction","target":{"@type":"EntryPoint","urlTemplate":"https:\/\/coachamegoldas.hu\/en\/?s={search_term_string}"},"query-input":{"@type":"PropertyValueSpecification","valueRequired":true,"valueName":"search_term_string"}}],"inLanguage":"en-US"},{"@type":"Organization","@id":"https:\/\/coachamegoldas.hu\/en\/#organization","name":"Coach a megold\u00e1s","url":"https:\/\/coachamegoldas.hu\/en\/","logo":{"@type":"ImageObject","inLanguage":"en-US","@id":"https:\/\/coachamegoldas.hu\/en\/#\/schema\/logo\/image\/","url":"https:\/\/coachamegoldas.hu\/wp-content\/uploads\/2024\/06\/coachamegoldas-logo-web.svg","contentUrl":"https:\/\/coachamegoldas.hu\/wp-content\/uploads\/2024\/06\/coachamegoldas-logo-web.svg","caption":"Coach a megold\u00e1s"},"image":{"@id":"https:\/\/coachamegoldas.hu\/en\/#\/schema\/logo\/image\/"}}]}},"_links":{"self":[{"href":"https:\/\/coachamegoldas.hu\/en\/wp-json\/wp\/v2\/pages\/2508","targetHints":{"allow":["GET"]}}],"collection":[{"href":"https:\/\/coachamegoldas.hu\/en\/wp-json\/wp\/v2\/pages"}],"about":[{"href":"https:\/\/coachamegoldas.hu\/en\/wp-json\/wp\/v2\/types\/page"}],"author":[{"embeddable":true,"href":"https:\/\/coachamegoldas.hu\/en\/wp-json\/wp\/v2\/users\/2"}],"replies":[{"embeddable":true,"href":"https:\/\/coachamegoldas.hu\/en\/wp-json\/wp\/v2\/comments?post=2508"}],"version-history":[{"count":4,"href":"https:\/\/coachamegoldas.hu\/en\/wp-json\/wp\/v2\/pages\/2508\/revisions"}],"predecessor-version":[{"id":2512,"href":"https:\/\/coachamegoldas.hu\/en\/wp-json\/wp\/v2\/pages\/2508\/revisions\/2512"}],"wp:attachment":[{"href":"https:\/\/coachamegoldas.hu\/en\/wp-json\/wp\/v2\/media?parent=2508"}],"curies":[{"name":"wp","href":"https:\/\/api.w.org\/{rel}","templated":true}]}}