{"id":890,"date":"2024-06-03T11:33:39","date_gmt":"2024-06-03T09:33:39","guid":{"rendered":"https:\/\/coachamegoldas.hu\/kapcsolat\/"},"modified":"2024-08-22T04:23:43","modified_gmt":"2024-08-22T02:23:43","slug":"contact","status":"publish","type":"page","link":"https:\/\/coachamegoldas.hu\/en\/contact\/","title":{"rendered":"Contact"},"content":{"rendered":"\t\t<div data-elementor-type=\"wp-page\" data-elementor-id=\"890\" class=\"elementor elementor-890 elementor-12\" data-elementor-post-type=\"page\">\n\t\t\t\t<div class=\"elementor-element elementor-element-fdac9b6 e-flex e-con-boxed e-con e-parent\" data-id=\"fdac9b6\" data-element_type=\"container\" data-settings=\"{&quot;background_background&quot;:&quot;classic&quot;}\">\n\t\t\t\t\t<div class=\"e-con-inner\">\n\t\t\t\t<div class=\"elementor-element elementor-element-bea34c4 elementor-icon-list--layout-traditional elementor-list-item-link-full_width elementor-widget elementor-widget-icon-list\" data-id=\"bea34c4\" data-element_type=\"widget\" data-widget_type=\"icon-list.default\">\n\t\t\t\t<div class=\"elementor-widget-container\">\n\t\t\t\t\t<ul class=\"elementor-icon-list-items\">\n\t\t\t\t\t\t\t<li class=\"elementor-icon-list-item\">\n\t\t\t\t\t\t\t\t\t\t\t<span class=\"elementor-icon-list-icon\">\n\t\t\t\t\t\t\t<svg aria-hidden=\"true\" class=\"e-font-icon-svg e-fas-dot-circle\" viewBox=\"0 0 512 512\" xmlns=\"http:\/\/www.w3.org\/2000\/svg\"><path d=\"M256 8C119.033 8 8 119.033 8 256s111.033 248 248 248 248-111.033 248-248S392.967 8 256 8zm80 248c0 44.112-35.888 80-80 80s-80-35.888-80-80 35.888-80 80-80 80 35.888 80 80z\"><\/path><\/svg>\t\t\t\t\t\t<\/span>\n\t\t\t\t\t\t\t\t\t\t<span class=\"elementor-icon-list-text\">Contact<\/span>\n\t\t\t\t\t\t\t\t\t<\/li>\n\t\t\t\t\t\t<\/ul>\n\t\t\t\t<\/div>\n\t\t\t\t<\/div>\n\t\t\t\t<div class=\"elementor-element elementor-element-01c69a8 elementor-widget elementor-widget-heading\" data-id=\"01c69a8\" data-element_type=\"widget\" data-widget_type=\"heading.default\">\n\t\t\t\t<div class=\"elementor-widget-container\">\n\t\t\t<h1 class=\"elementor-heading-title elementor-size-default\">Get in touch<\/h1>\t\t<\/div>\n\t\t\t\t<\/div>\n\t\t\t\t\t<\/div>\n\t\t\t\t<\/div>\n\t\t\t\t<\/div>\n\t\t","protected":false},"excerpt":{"rendered":"<p>Contact Get in touch<\/p>\n","protected":false},"author":2,"featured_media":0,"parent":0,"menu_order":0,"comment_status":"closed","ping_status":"closed","template":"","meta":{"footnotes":""},"class_list":["post-890","page","type-page","status-publish","hentry"],"yoast_head":"<!-- This site is optimized with the Yoast SEO plugin v23.5 - https:\/\/yoast.com\/wordpress\/plugins\/seo\/ -->\n<title>Contact - Coach a megold\u00e1s<\/title>\n<meta name=\"description\" content=\"Contact: Ha szeretn\u00e9l fentebb l\u00e9pni a szakm\u00e1dban, n\u00f6velni a c\u00e9ged teljes\u00edtm\u00e9ny\u00e9t, akkor \u00fczleti coaching programjaim mindenre megold\u00e1st ny\u00fajtanak.\" \/>\n<meta name=\"robots\" content=\"index, follow, max-snippet:-1, max-image-preview:large, max-video-preview:-1\" \/>\n<link rel=\"canonical\" href=\"https:\/\/coachamegoldas.hu\/en\/contact\/\" \/>\n<meta property=\"og:locale\" content=\"en_US\" \/>\n<meta property=\"og:type\" content=\"article\" \/>\n<meta property=\"og:title\" content=\"Contact - Coach a megold\u00e1s\" \/>\n<meta property=\"og:description\" content=\"Contact: Ha szeretn\u00e9l fentebb l\u00e9pni a szakm\u00e1dban, n\u00f6velni a c\u00e9ged teljes\u00edtm\u00e9ny\u00e9t, akkor \u00fczleti coaching programjaim mindenre megold\u00e1st ny\u00fajtanak.\" \/>\n<meta property=\"og:url\" content=\"https:\/\/coachamegoldas.hu\/en\/contact\/\" \/>\n<meta property=\"og:site_name\" content=\"Coach a megold\u00e1s\" \/>\n<meta property=\"article:modified_time\" content=\"2024-08-22T02:23:43+00:00\" \/>\n<meta property=\"og:image\" content=\"https:\/\/coachamegoldas.hu\/wp-content\/uploads\/2024\/08\/coachamegoldas-kiemelt-kep-1.png\" \/>\n<meta name=\"twitter:card\" content=\"summary_large_image\" \/>\n<meta name=\"twitter:label1\" content=\"Est. reading time\" \/>\n\t<meta name=\"twitter:data1\" content=\"1 minute\" \/>\n<script type=\"application\/ld+json\" class=\"yoast-schema-graph\">{\"@context\":\"https:\/\/schema.org\",\"@graph\":[{\"@type\":\"WebPage\",\"@id\":\"https:\/\/coachamegoldas.hu\/en\/contact\/\",\"url\":\"https:\/\/coachamegoldas.hu\/en\/contact\/\",\"name\":\"Contact - Coach a megold\u00e1s\",\"isPartOf\":{\"@id\":\"https:\/\/coachamegoldas.hu\/en\/#website\"},\"datePublished\":\"2024-06-03T09:33:39+00:00\",\"dateModified\":\"2024-08-22T02:23:43+00:00\",\"description\":\"Contact: Ha szeretn\u00e9l fentebb l\u00e9pni a szakm\u00e1dban, n\u00f6velni a c\u00e9ged teljes\u00edtm\u00e9ny\u00e9t, akkor \u00fczleti coaching programjaim mindenre megold\u00e1st ny\u00fajtanak.\",\"breadcrumb\":{\"@id\":\"https:\/\/coachamegoldas.hu\/en\/contact\/#breadcrumb\"},\"inLanguage\":\"en-US\",\"potentialAction\":[{\"@type\":\"ReadAction\",\"target\":[\"https:\/\/coachamegoldas.hu\/en\/contact\/\"]}]},{\"@type\":\"BreadcrumbList\",\"@id\":\"https:\/\/coachamegoldas.hu\/en\/contact\/#breadcrumb\",\"itemListElement\":[{\"@type\":\"ListItem\",\"position\":1,\"name\":\"Home\",\"item\":\"https:\/\/coachamegoldas.hu\/en\/\"},{\"@type\":\"ListItem\",\"position\":2,\"name\":\"Contact\"}]},{\"@type\":\"WebSite\",\"@id\":\"https:\/\/coachamegoldas.hu\/en\/#website\",\"url\":\"https:\/\/coachamegoldas.hu\/en\/\",\"name\":\"Coach a megold\u00e1s\",\"description\":\"\",\"publisher\":{\"@id\":\"https:\/\/coachamegoldas.hu\/en\/#organization\"},\"potentialAction\":[{\"@type\":\"SearchAction\",\"target\":{\"@type\":\"EntryPoint\",\"urlTemplate\":\"https:\/\/coachamegoldas.hu\/en\/?s={search_term_string}\"},\"query-input\":{\"@type\":\"PropertyValueSpecification\",\"valueRequired\":true,\"valueName\":\"search_term_string\"}}],\"inLanguage\":\"en-US\"},{\"@type\":\"Organization\",\"@id\":\"https:\/\/coachamegoldas.hu\/en\/#organization\",\"name\":\"Coach a megold\u00e1s\",\"url\":\"https:\/\/coachamegoldas.hu\/en\/\",\"logo\":{\"@type\":\"ImageObject\",\"inLanguage\":\"en-US\",\"@id\":\"https:\/\/coachamegoldas.hu\/en\/#\/schema\/logo\/image\/\",\"url\":\"https:\/\/coachamegoldas.hu\/wp-content\/uploads\/2024\/06\/coachamegoldas-logo-web.svg\",\"contentUrl\":\"https:\/\/coachamegoldas.hu\/wp-content\/uploads\/2024\/06\/coachamegoldas-logo-web.svg\",\"caption\":\"Coach a megold\u00e1s\"},\"image\":{\"@id\":\"https:\/\/coachamegoldas.hu\/en\/#\/schema\/logo\/image\/\"}}]}<\/script>\n<!-- \/ Yoast SEO plugin. -->","yoast_head_json":{"title":"Contact - Coach a megold\u00e1s","description":"Contact: Ha szeretn\u00e9l fentebb l\u00e9pni a szakm\u00e1dban, n\u00f6velni a c\u00e9ged teljes\u00edtm\u00e9ny\u00e9t, akkor \u00fczleti coaching programjaim mindenre megold\u00e1st ny\u00fajtanak.","robots":{"index":"index","follow":"follow","max-snippet":"max-snippet:-1","max-image-preview":"max-image-preview:large","max-video-preview":"max-video-preview:-1"},"canonical":"https:\/\/coachamegoldas.hu\/en\/contact\/","og_locale":"en_US","og_type":"article","og_title":"Contact - Coach a megold\u00e1s","og_description":"Contact: Ha szeretn\u00e9l fentebb l\u00e9pni a szakm\u00e1dban, n\u00f6velni a c\u00e9ged teljes\u00edtm\u00e9ny\u00e9t, akkor \u00fczleti coaching programjaim mindenre megold\u00e1st ny\u00fajtanak.","og_url":"https:\/\/coachamegoldas.hu\/en\/contact\/","og_site_name":"Coach a megold\u00e1s","article_modified_time":"2024-08-22T02:23:43+00:00","og_image":[{"url":"https:\/\/coachamegoldas.hu\/wp-content\/uploads\/2024\/08\/coachamegoldas-kiemelt-kep-1.png"}],"twitter_card":"summary_large_image","twitter_misc":{"Est. reading time":"1 minute"},"schema":{"@context":"https:\/\/schema.org","@graph":[{"@type":"WebPage","@id":"https:\/\/coachamegoldas.hu\/en\/contact\/","url":"https:\/\/coachamegoldas.hu\/en\/contact\/","name":"Contact - Coach a megold\u00e1s","isPartOf":{"@id":"https:\/\/coachamegoldas.hu\/en\/#website"},"datePublished":"2024-06-03T09:33:39+00:00","dateModified":"2024-08-22T02:23:43+00:00","description":"Contact: Ha szeretn\u00e9l fentebb l\u00e9pni a szakm\u00e1dban, n\u00f6velni a c\u00e9ged teljes\u00edtm\u00e9ny\u00e9t, akkor \u00fczleti coaching programjaim mindenre megold\u00e1st ny\u00fajtanak.","breadcrumb":{"@id":"https:\/\/coachamegoldas.hu\/en\/contact\/#breadcrumb"},"inLanguage":"en-US","potentialAction":[{"@type":"ReadAction","target":["https:\/\/coachamegoldas.hu\/en\/contact\/"]}]},{"@type":"BreadcrumbList","@id":"https:\/\/coachamegoldas.hu\/en\/contact\/#breadcrumb","itemListElement":[{"@type":"ListItem","position":1,"name":"Home","item":"https:\/\/coachamegoldas.hu\/en\/"},{"@type":"ListItem","position":2,"name":"Contact"}]},{"@type":"WebSite","@id":"https:\/\/coachamegoldas.hu\/en\/#website","url":"https:\/\/coachamegoldas.hu\/en\/","name":"Coach a megold\u00e1s","description":"","publisher":{"@id":"https:\/\/coachamegoldas.hu\/en\/#organization"},"potentialAction":[{"@type":"SearchAction","target":{"@type":"EntryPoint","urlTemplate":"https:\/\/coachamegoldas.hu\/en\/?s={search_term_string}"},"query-input":{"@type":"PropertyValueSpecification","valueRequired":true,"valueName":"search_term_string"}}],"inLanguage":"en-US"},{"@type":"Organization","@id":"https:\/\/coachamegoldas.hu\/en\/#organization","name":"Coach a megold\u00e1s","url":"https:\/\/coachamegoldas.hu\/en\/","logo":{"@type":"ImageObject","inLanguage":"en-US","@id":"https:\/\/coachamegoldas.hu\/en\/#\/schema\/logo\/image\/","url":"https:\/\/coachamegoldas.hu\/wp-content\/uploads\/2024\/06\/coachamegoldas-logo-web.svg","contentUrl":"https:\/\/coachamegoldas.hu\/wp-content\/uploads\/2024\/06\/coachamegoldas-logo-web.svg","caption":"Coach a megold\u00e1s"},"image":{"@id":"https:\/\/coachamegoldas.hu\/en\/#\/schema\/logo\/image\/"}}]}},"_links":{"self":[{"href":"https:\/\/coachamegoldas.hu\/en\/wp-json\/wp\/v2\/pages\/890","targetHints":{"allow":["GET"]}}],"collection":[{"href":"https:\/\/coachamegoldas.hu\/en\/wp-json\/wp\/v2\/pages"}],"about":[{"href":"https:\/\/coachamegoldas.hu\/en\/wp-json\/wp\/v2\/types\/page"}],"author":[{"embeddable":true,"href":"https:\/\/coachamegoldas.hu\/en\/wp-json\/wp\/v2\/users\/2"}],"replies":[{"embeddable":true,"href":"https:\/\/coachamegoldas.hu\/en\/wp-json\/wp\/v2\/comments?post=890"}],"version-history":[{"count":12,"href":"https:\/\/coachamegoldas.hu\/en\/wp-json\/wp\/v2\/pages\/890\/revisions"}],"predecessor-version":[{"id":2559,"href":"https:\/\/coachamegoldas.hu\/en\/wp-json\/wp\/v2\/pages\/890\/revisions\/2559"}],"wp:attachment":[{"href":"https:\/\/coachamegoldas.hu\/en\/wp-json\/wp\/v2\/media?parent=890"}],"curies":[{"name":"wp","href":"https:\/\/api.w.org\/{rel}","templated":true}]}}